{"id":82,"date":"2023-02-03T20:55:10","date_gmt":"2021-02-03T17:55:10","guid":{"rendered":"https:\/\/safirdemo.com\/atolye\/hakkimizda\/"},"modified":"2025-06-27T15:53:01","modified_gmt":"2025-06-27T12:53:01","slug":"uber-uns","status":"publish","type":"page","link":"https:\/\/www.srclojistik.com.tr\/de\/uber-uns\/","title":{"rendered":"\u00dcber uns"},"content":{"rendered":"\r\n<figure class=\"wp-block-image size-full\"><img loading=\"lazy\" decoding=\"async\" width=\"800\" height=\"533\" class=\"wp-image-645\" src=\"https:\/\/www.srclojistik.com.tr\/wp-content\/uploads\/2023\/09\/kurumsal.jpg\" alt=\"\" srcset=\"https:\/\/www.srclojistik.com.tr\/de\/wp-content\/uploads\/2023\/09\/kurumsal.jpg 800w, https:\/\/www.srclojistik.com.tr\/de\/wp-content\/uploads\/2023\/09\/kurumsal-300x200.jpg 300w, https:\/\/www.srclojistik.com.tr\/de\/wp-content\/uploads\/2023\/09\/kurumsal-768x512.jpg 768w\" sizes=\"auto, (max-width: 800px) 100vw, 800px\" \/><\/figure>\r\n\r\n\r\n<div class=\"singleHeading\">\n\t<div class=\"inner\">\n\t\t<span class=\"safiricon icon\"><svg class=\"safiricon-dunya\"><use href=\"#safiricon-dunya\"><\/use><\/svg><\/span>\t\t<h2 class=\"text\">SRC Logistics: Zuverl\u00e4ssige Adresse f\u00fcr Transporte<\/h2>\n\t<\/div>\n<\/div>\r\n\r\n\r\n<p>SRC Logistics ist ein zuverl\u00e4ssiges und innovatives Logistikunternehmen mit \u00fcber 20-j\u00e4hriger Erfahrung im Transportsektor. Gegr\u00fcndet im Jahr 2000, legt unser Unternehmen seit jeher Wert auf Kundenzufriedenheit und behauptet seine f\u00fchrende Position in der Branche. Mit dieser 20-j\u00e4hrigen Erfahrung bieten wir schnelle, zuverl\u00e4ssige und kosteng\u00fcnstige Transportdienstleistungen in alle Teile der T\u00fcrkei.<\/p>\r\n\r\n\r\n\r\n<p>SRC Logistics bietet seinen Kunden ein breites Leistungsspektrum. Wir bieten verschiedene Optionen wie Stra\u00dfen-, See- und Lufttransport, um Ihren Transportbed\u00fcrfnissen gerecht zu werden. Wir passen jede Option individuell an die W\u00fcnsche und Anforderungen unserer Kunden an.<\/p>\r\n\r\n\r\n<div class=\"singleHeading\">\n\t<div class=\"inner\">\n\t\t<span class=\"safiricon icon\"><svg class=\"safiricon-bilgi\"><use href=\"#safiricon-bilgi\"><\/use><\/svg><\/span>\t\t<div class=\"text\">Warum sollte ich SRC Logistics bevorzugen?<\/div>\n\t<\/div>\n<\/div>\r\n\r\n\r\n<div class=\"safir-list\" data-col=\"1\">\r\n<ul class=\"wp-block-list\">\r\n<li>Wir bieten zuverl\u00e4ssige internationale Transportl\u00f6sungen zu erschwinglichen Preisen.<\/li>\r\n\r\n\r\n\r\n<li>Wir verf\u00fcgen \u00fcber einen gro\u00dfen Fuhrpark und kompetentes Personal.<\/li>\r\n\r\n\r\n\r\n<li>Wir bieten vertraglich vereinbarte und versicherte Dienstleistungen an.<\/li>\r\n\r\n\r\n\r\n<li>Wir bieten kostenlose Zollabfertigungsdienste an.<\/li>\r\n\r\n\r\n\r\n<li>Wir bieten rund um die Uhr Live-Tracking f\u00fcr Fahrzeuge und Fracht.<\/li>\r\n<\/ul>\r\n<\/div>\r\n\r\n\r\n\r\n<p>Wir bieten unseren Kunden stets h\u00f6chste Qualit\u00e4t und professionelle Transportdienstleistungen zu \u00e4u\u00dferst g\u00fcnstigen Preisen. Wir bieten schnelle und zuverl\u00e4ssige Transporte pers\u00f6nlicher Gegenst\u00e4nde in alle europ\u00e4ischen L\u00e4nder, insbesondere nach Deutschland.<\/p>\r\n\r\n\r\n<div class=\"singleHeading\">\n\t<div class=\"inner\">\n\t\t<span class=\"safiricon icon\"><svg class=\"safiricon-dunya\"><use href=\"#safiricon-dunya\"><\/use><\/svg><\/span>\t\t<div class=\"text\">Welche Transportdienstleistungen bieten wir an?<\/div>\n\t<\/div>\n<\/div>\r\n\r\n\r\n<div class=\"\" data-col=\"2\">\r\n<ol class=\"wp-block-list\">\r\n<li><strong>Stra\u00dfentransport:<\/strong> Mit unserem modernen und zuverl\u00e4ssigen Fuhrpark bieten wir schnelle und zuverl\u00e4ssige Stra\u00dfentransporte zu jedem Ort in der T\u00fcrkei. Wir unterst\u00fctzen Sie mit passenden Fahrzeugoptionen f\u00fcr Ihren Transportbedarf und garantieren p\u00fcnktliche Lieferung.<\/li>\r\n\r\n\r\n\r\n<li><strong>Seetransport:<\/strong> Der Seetransport ist eine wirtschaftliche und umweltfreundliche Option im internationalen Transport. SRC Logistics managt den Seetransport mit seinem erfahrenen Team effizient.<\/li>\r\n\r\n\r\n\r\n<li><strong>Lufttransport:<\/strong> Der Lufttransport ist die schnellste und zuverl\u00e4ssigste L\u00f6sung f\u00fcr dringende Transportbed\u00fcrfnisse. SRC Logistics bietet schnellen und zuverl\u00e4ssigen Lufttransport zu Zielen weltweit.<\/li>\r\n\r\n\r\n\r\n<li><strong>Lagerung und Distribution:<\/strong> Wir bieten moderne Lager- und Distributionsservices f\u00fcr die sichere Lagerung und weltweite Distribution Ihrer Produkte. Wir vereinfachen Ihre Lagerverwaltung mit L\u00f6sungen, die genau auf Ihre Lageranforderungen zugeschnitten sind.<\/li>\r\n<\/ol>\r\n<\/div>\r\n\r\n\r\n<div class=\"singleHeading\">\n\t<div class=\"inner\">\n\t\t<span class=\"safiricon icon\"><svg class=\"safiricon-duyuru\"><use href=\"#safiricon-duyuru\"><\/use><\/svg><\/span>\t\t<div class=\"text\">Moderne Transportl\u00f6sungen<\/div>\n\t<\/div>\n<\/div>\r\n\r\n\r\n<p>SRC Logistics nutzt Technologie effektiv, um Ihre Transport- und Logistikprozesse so effizient wie m\u00f6glich zu gestalten. Dank modernster Logistiksoftware und Trackingsystemen k\u00f6nnen Sie Ihre Sendungen sofort verfolgen und Informationen abrufen.<\/p>\r\n\r\n\r\n\r\n<p>Wir streben stets nach h\u00f6chster Kundenzufriedenheit. Unser professionelles Team, unser 24\/7-Kundensupport und unsere P\u00fcnktlichkeitsgarantie begleiten Sie bei jedem Schritt unserer Zusammenarbeit.<\/p>\r\n\r\n\r\n\r\n<p>Als eines der f\u00fchrenden Logistikunternehmen in der T\u00fcrkei erf\u00fcllen wir Ihre Transportbed\u00fcrfnisse. Kontaktieren Sie uns und entdecken Sie unsere speziellen L\u00f6sungen. Zuverl\u00e4ssigkeit, Schnelligkeit und Qualit\u00e4t vereinen sich bei SRC Logistics.<\/p>\r\n\r\n\r\n\r\n<p>Besuchen Sie unsere Website oder kontaktieren Sie unseren Kundenservice f\u00fcr weitere Informationen. Wir bieten Ihnen gerne die besten Transport- und Logistikl\u00f6sungen.<\/p>\r\n\r\n\r\n\r\n<p><strong>SRC Logistics: Transportsicherheit!<\/strong><\/p>\r\n\r\n\r\n\r\n<div class=\"wp-block-columns is-layout-flex wp-container-core-columns-is-layout-9d6595d7 wp-block-columns-is-layout-flex\">\r\n<div class=\"wp-block-column is-layout-flow wp-block-column-is-layout-flow\"><div class=\"singleHeading\">\n\t<div class=\"inner\">\n\t\t<span class=\"safiricon icon\"><svg class=\"safiricon-lamba\"><use href=\"#safiricon-lamba\"><\/use><\/svg><\/span>\t\t<div class=\"text\">Unsere Mission<\/div>\n\t<\/div>\n<\/div>\r\n\r\n\r\n<p>Hochwertige Transport- und Logistikl\u00f6sungen zu erschwinglichen Preisen und stets kundenorientierter Service.<\/p>\r\n<\/div>\r\n\r\n\r\n\r\n<div class=\"wp-block-column is-layout-flow wp-block-column-is-layout-flow\"><div class=\"singleHeading\">\n\t<div class=\"inner\">\n\t\t<span class=\"safiricon icon\"><svg class=\"safiricon-dunya\"><use href=\"#safiricon-dunya\"><\/use><\/svg><\/span>\t\t<div class=\"text\">Unser Vision<\/div>\n\t<\/div>\n<\/div>\r\n\r\n\r\n<p>Wir wollen die beliebteste Marke werden, indem wir zu einem der bekanntesten und f\u00fchrenden Logistikunternehmen Europas werden.<\/p>\r\n<\/div>\r\n<\/div>\r\n\r\n\r\n<div class=\"singleHeading\">\n\t<div class=\"inner\">\n\t\t<span class=\"safiricon icon\"><svg class=\"safiricon-paylas\"><use href=\"#safiricon-paylas\"><\/use><\/svg><\/span>\t\t<div class=\"text\">Unsere Social-Media-Kan\u00e4le<\/div>\n\t<\/div>\n<\/div>\r\n\r\n\t\t<ul class=\"safirSocial\">\n\t\t\t<li class=\"facebook\"><a rel=\"external\" href=\"#\" title=\"Sitemizi Facebook \u00fczerinden takip edin\"><span class=\"themeicon icon\"><svg class=\"themeicon-facebook\"><use href=\"#themeicon-facebook\"><\/use><\/svg><\/span><\/a><\/li><li class=\"twitter\"><a rel=\"external\" href=\"#\" title=\"Sitemizi Twitter \u00fczerinden takip edin\"><span class=\"themeicon icon\"><svg class=\"themeicon-twitter\"><use href=\"#themeicon-twitter\"><\/use><\/svg><\/span><\/a><\/li><li class=\"instagram\"><a rel=\"external noopener\" href=\"https:\/\/www.instagram.com\/srclojistik\/\" title=\"Sitemizi Instagram \u00fczerinden takip edin\" target=\"_blank\"><span class=\"themeicon icon\"><svg class=\"themeicon-instagram\"><use href=\"#themeicon-instagram\"><\/use><\/svg><\/span><\/a><\/li><li class=\"youtube\"><a rel=\"external\" href=\"#\" title=\"Sitemizi Youtube \u00fczerinden takip edin\"><span class=\"themeicon icon\"><svg class=\"themeicon-youtube\"><use href=\"#themeicon-youtube\"><\/use><\/svg><\/span><\/a><\/li><li class=\"whatsapp\"><a rel=\"external noopener\" href=\"https:\/\/wa.me\/905333006343\" title=\"Sitemizi Whatsapp \u00fczerinden takip edin\" target=\"_blank\"><span class=\"themeicon icon\"><svg class=\"themeicon-whatsapp\"><use href=\"#themeicon-whatsapp\"><\/use><\/svg><\/span><\/a><\/li>\t\t<\/ul>\n\t\t\n","protected":false},"excerpt":{"rendered":"<p>SRC Logistics ist ein zuverl\u00e4ssiges und innovatives Logistikunternehmen mit \u00fcber 20-j\u00e4hriger Erfahrung im Transportsektor. Gegr\u00fcndet im Jahr 2000, legt unser Unternehmen seit jeher Wert auf Kundenzufriedenheit und behauptet seine f\u00fchrende Position in der Branche. Mit dieser 20-j\u00e4hrigen Erfahrung bieten wir schnelle, zuverl\u00e4ssige und kosteng\u00fcnstige Transportdienstleistungen in alle Teile der T\u00fcrkei. SRC Logistics bietet seinen Kunden [&hellip;]<\/p>\n","protected":false},"author":1,"featured_media":0,"parent":0,"menu_order":0,"comment_status":"closed","ping_status":"closed","template":"","meta":{"rank_math_focus_keyword":"","rank_math_description":"","footnotes":""},"class_list":["post-82","page","type-page","status-publish","hentry"],"_links":{"self":[{"href":"https:\/\/www.srclojistik.com.tr\/de\/wp-json\/wp\/v2\/pages\/82","targetHints":{"allow":["GET"]}}],"collection":[{"href":"https:\/\/www.srclojistik.com.tr\/de\/wp-json\/wp\/v2\/pages"}],"about":[{"href":"https:\/\/www.srclojistik.com.tr\/de\/wp-json\/wp\/v2\/types\/page"}],"author":[{"embeddable":true,"href":"https:\/\/www.srclojistik.com.tr\/de\/wp-json\/wp\/v2\/users\/1"}],"replies":[{"embeddable":true,"href":"https:\/\/www.srclojistik.com.tr\/de\/wp-json\/wp\/v2\/comments?post=82"}],"version-history":[{"count":31,"href":"https:\/\/www.srclojistik.com.tr\/de\/wp-json\/wp\/v2\/pages\/82\/revisions"}],"predecessor-version":[{"id":1269,"href":"https:\/\/www.srclojistik.com.tr\/de\/wp-json\/wp\/v2\/pages\/82\/revisions\/1269"}],"wp:attachment":[{"href":"https:\/\/www.srclojistik.com.tr\/de\/wp-json\/wp\/v2\/media?parent=82"}],"curies":[{"name":"wp","href":"https:\/\/api.w.org\/{rel}","templated":true}]}}