{"id":731,"date":"2025-02-21T09:58:55","date_gmt":"2025-02-21T06:58:55","guid":{"rendered":"https:\/\/www.srclojistik.com.tr\/?page_id=731"},"modified":"2025-06-30T13:58:37","modified_gmt":"2025-06-30T10:58:37","slug":"preisanfrageformular","status":"publish","type":"page","link":"https:\/\/www.srclojistik.com.tr\/de\/preisanfrageformular\/","title":{"rendered":"Preisanfrageformular"},"content":{"rendered":"<div class=\"wpforms-container wpforms-container-full wpforms-render-modern\" id=\"wpforms-1446\"><form id=\"wpforms-form-1446\" class=\"wpforms-validate wpforms-form wpforms-ajax-form\" data-formid=\"1446\" method=\"post\" enctype=\"multipart\/form-data\" action=\"\/de\/wp-json\/wp\/v2\/pages\/731\" data-token=\"1dac6f28827bb5a9f828076332319457\" data-token-time=\"1777147378\"><noscript class=\"wpforms-error-noscript\">Bu formu bitirebilmek i\u00e7in taray\u0131c\u0131n\u0131zda JavaScript&#039;i etkinle\u015ftirin.<\/noscript><div class=\"wpforms-hidden\" id=\"wpforms-error-noscript\">Bu formu bitirebilmek i\u00e7in taray\u0131c\u0131n\u0131zda JavaScript&#039;i etkinle\u015ftirin.<\/div><div class=\"wpforms-field-container\"><div id=\"wpforms-1446-field_39-container\" class=\"wpforms-field wpforms-field-divider\" data-field-id=\"39\"><h3 id=\"wpforms-1446-field_39\" aria-errormessage=\"wpforms-1446-field_39-error\" aria-describedby=\"wpforms-1446-field_39-description\">Umzugsangebot anfordern<\/h3><div id=\"wpforms-1446-field_39-description\" class=\"wpforms-field-description\">Bitte f\u00fcllen Sie die unten stehenden Felder m\u00f6glichst vollst\u00e4ndig aus. W\u00fcnsche oder Informationen, die durch das Formular nicht abgedeckt werden, geben Sie bitte im Feld \u201eIhre Nachricht\u201c an. Jede zus\u00e4tzliche Information hilft uns dabei, Ihr Angebot so passgenau wie m\u00f6glich zu gestalten.<\/div><\/div><div id=\"wpforms-1446-field_3-container\" class=\"wpforms-field wpforms-field-divider\" data-field-id=\"3\"><h3 id=\"wpforms-1446-field_3\" aria-errormessage=\"wpforms-1446-field_3-error\">Bisherige Anschrift<\/h3><\/div><div id=\"wpforms-1446-field_4-container\" class=\"wpforms-field wpforms-field-text\" data-field-id=\"4\"><label class=\"wpforms-field-label\" for=\"wpforms-1446-field_4\">Stra\u00dfe \/ Hausnummer <span class=\"wpforms-required-label\" aria-hidden=\"true\">*<\/span><\/label><input type=\"text\" id=\"wpforms-1446-field_4\" class=\"wpforms-field-large wpforms-field-required\" name=\"wpforms[fields][4]\" aria-errormessage=\"wpforms-1446-field_4-error\" required><\/div><div id=\"wpforms-1446-field_6-container\" class=\"wpforms-field wpforms-field-layout\" data-field-id=\"6\"><div class=\"wpforms-field-layout-rows wpforms-field-large\"><div class=\"wpforms-layout-row\"><div class=\"wpforms-layout-column wpforms-layout-column-50\"><div id=\"wpforms-1446-field_5-container\" class=\"wpforms-field wpforms-field-text\" data-field-id=\"5\"><label class=\"wpforms-field-label\" for=\"wpforms-1446-field_5\">Postleitzahl <span class=\"wpforms-required-label\" aria-hidden=\"true\">*<\/span><\/label><input type=\"text\" id=\"wpforms-1446-field_5\" class=\"wpforms-field-medium wpforms-field-required\" name=\"wpforms[fields][5]\" aria-errormessage=\"wpforms-1446-field_5-error\" required><\/div><\/div><div class=\"wpforms-layout-column wpforms-layout-column-50\"><div id=\"wpforms-1446-field_7-container\" class=\"wpforms-field wpforms-field-text\" data-field-id=\"7\"><label class=\"wpforms-field-label\" for=\"wpforms-1446-field_7\">Wohnort <span class=\"wpforms-required-label\" aria-hidden=\"true\">*<\/span><\/label><input type=\"text\" id=\"wpforms-1446-field_7\" class=\"wpforms-field-medium wpforms-field-required\" name=\"wpforms[fields][7]\" aria-errormessage=\"wpforms-1446-field_7-error\" required><\/div><\/div><\/div><div class=\"wpforms-layout-row\"><div class=\"wpforms-layout-column wpforms-layout-column-50\"><div id=\"wpforms-1446-field_8-container\" class=\"wpforms-field wpforms-field-select wpforms-field-select-style-classic\" data-field-id=\"8\"><label class=\"wpforms-field-label\" for=\"wpforms-1446-field_8\">Etage (Wohnung) <span class=\"wpforms-required-label\" aria-hidden=\"true\">*<\/span><\/label><select id=\"wpforms-1446-field_8\" class=\"wpforms-field-medium wpforms-field-required\" name=\"wpforms[fields][8]\" required=\"required\"><option value=\"Erdgeschoss\" >Erdgeschoss<\/option><option value=\"1. Etage\" >1. Etage<\/option><option value=\"2. Etage\" >2. Etage<\/option><option value=\"3. Etage\" >3. Etage<\/option><option value=\"4. Etage\" >4. Etage<\/option><option value=\"5. Etage\" >5. Etage<\/option><option value=\"6. Etage\" >6. Etage<\/option><option value=\"7. Etage\" >7. Etage<\/option><option value=\"8. Etage\" >8. Etage<\/option><option value=\"9. Etage\" >9. Etage<\/option><option value=\"10. Etage +\" >10. Etage +<\/option><\/select><\/div><\/div><div class=\"wpforms-layout-column wpforms-layout-column-50\"><div id=\"wpforms-1446-field_10-container\" class=\"wpforms-field wpforms-field-number\" data-field-id=\"10\"><label class=\"wpforms-field-label\" for=\"wpforms-1446-field_10\">ca. Fl\u00e4che m2 <span class=\"wpforms-required-label\" aria-hidden=\"true\">*<\/span><\/label><input type=\"number\" id=\"wpforms-1446-field_10\" class=\"wpforms-field-medium wpforms-field-required\" name=\"wpforms[fields][10]\" aria-errormessage=\"wpforms-1446-field_10-error\" required><\/div><\/div><\/div><div class=\"wpforms-layout-row\"><div class=\"wpforms-layout-column wpforms-layout-column-50\"><div id=\"wpforms-1446-field_11-container\" class=\"wpforms-field wpforms-field-checkbox wpforms-list-2-columns\" data-field-id=\"11\"><fieldset><legend class=\"wpforms-field-label\">Einfamilienhaus? <span class=\"wpforms-required-label\" aria-hidden=\"true\">*<\/span><\/legend><ul id=\"wpforms-1446-field_11\" class=\"wpforms-field-required\" data-choice-limit=\"1\"><li class=\"choice-1 depth-1\"><input type=\"checkbox\" id=\"wpforms-1446-field_11_1\" data-rule-check-limit=\"true\" name=\"wpforms[fields][11][]\" value=\"Ja\" aria-errormessage=\"wpforms-1446-field_11_1-error\" required ><label class=\"wpforms-field-label-inline\" for=\"wpforms-1446-field_11_1\">Ja<\/label><\/li><li class=\"choice-2 depth-1\"><input type=\"checkbox\" id=\"wpforms-1446-field_11_2\" data-rule-check-limit=\"true\" name=\"wpforms[fields][11][]\" value=\"Nein\" aria-errormessage=\"wpforms-1446-field_11_2-error\" required ><label class=\"wpforms-field-label-inline\" for=\"wpforms-1446-field_11_2\">Nein<\/label><\/li><\/ul><\/fieldset><\/div><\/div><div class=\"wpforms-layout-column wpforms-layout-column-50\"><div id=\"wpforms-1446-field_12-container\" class=\"wpforms-field wpforms-field-checkbox wpforms-list-2-columns\" data-field-id=\"12\"><fieldset><legend class=\"wpforms-field-label\">Aufzug vorhanden? <span class=\"wpforms-required-label\" aria-hidden=\"true\">*<\/span><\/legend><ul id=\"wpforms-1446-field_12\" class=\"wpforms-field-required\" data-choice-limit=\"1\"><li class=\"choice-1 depth-1\"><input type=\"checkbox\" id=\"wpforms-1446-field_12_1\" data-rule-check-limit=\"true\" name=\"wpforms[fields][12][]\" value=\"Ja\" aria-errormessage=\"wpforms-1446-field_12_1-error\" required ><label class=\"wpforms-field-label-inline\" for=\"wpforms-1446-field_12_1\">Ja<\/label><\/li><li class=\"choice-2 depth-1\"><input type=\"checkbox\" id=\"wpforms-1446-field_12_2\" data-rule-check-limit=\"true\" name=\"wpforms[fields][12][]\" value=\"Nein\" aria-errormessage=\"wpforms-1446-field_12_2-error\" required ><label class=\"wpforms-field-label-inline\" for=\"wpforms-1446-field_12_2\">Nein<\/label><\/li><\/ul><\/fieldset><\/div><\/div><\/div><\/div><\/div><div id=\"wpforms-1446-field_43-container\" class=\"wpforms-field wpforms-field-divider\" data-field-id=\"43\"><h3 id=\"wpforms-1446-field_43\" aria-errormessage=\"wpforms-1446-field_43-error\">Zuk\u00fcnftige Anschrift<\/h3><\/div><div id=\"wpforms-1446-field_44-container\" class=\"wpforms-field wpforms-field-text\" data-field-id=\"44\"><label class=\"wpforms-field-label\" for=\"wpforms-1446-field_44\">Stra\u00dfe \/ Hausnummer <span class=\"wpforms-required-label\" aria-hidden=\"true\">*<\/span><\/label><input type=\"text\" id=\"wpforms-1446-field_44\" class=\"wpforms-field-large wpforms-field-required\" name=\"wpforms[fields][44]\" aria-errormessage=\"wpforms-1446-field_44-error\" required><\/div><div id=\"wpforms-1446-field_17-container\" class=\"wpforms-field wpforms-field-layout\" data-field-id=\"17\"><div class=\"wpforms-field-layout-rows wpforms-field-large\"><div class=\"wpforms-layout-row\"><div class=\"wpforms-layout-column wpforms-layout-column-50\"><div id=\"wpforms-1446-field_18-container\" class=\"wpforms-field wpforms-field-text\" data-field-id=\"18\"><label class=\"wpforms-field-label\" for=\"wpforms-1446-field_18\">Postleitzahl <span class=\"wpforms-required-label\" aria-hidden=\"true\">*<\/span><\/label><input type=\"text\" id=\"wpforms-1446-field_18\" class=\"wpforms-field-medium wpforms-field-required\" name=\"wpforms[fields][18]\" aria-errormessage=\"wpforms-1446-field_18-error\" required><\/div><\/div><div class=\"wpforms-layout-column wpforms-layout-column-50\"><div id=\"wpforms-1446-field_21-container\" class=\"wpforms-field wpforms-field-text\" data-field-id=\"21\"><label class=\"wpforms-field-label\" for=\"wpforms-1446-field_21\">Wohnort <span class=\"wpforms-required-label\" aria-hidden=\"true\">*<\/span><\/label><input type=\"text\" id=\"wpforms-1446-field_21\" class=\"wpforms-field-medium wpforms-field-required\" name=\"wpforms[fields][21]\" aria-errormessage=\"wpforms-1446-field_21-error\" required><\/div><\/div><\/div><div class=\"wpforms-layout-row\"><div class=\"wpforms-layout-column wpforms-layout-column-50\"><div id=\"wpforms-1446-field_19-container\" class=\"wpforms-field wpforms-field-select wpforms-field-select-style-classic\" data-field-id=\"19\"><label class=\"wpforms-field-label\" for=\"wpforms-1446-field_19\">Etage (Wohnung) <span class=\"wpforms-required-label\" aria-hidden=\"true\">*<\/span><\/label><select id=\"wpforms-1446-field_19\" class=\"wpforms-field-medium wpforms-field-required\" name=\"wpforms[fields][19]\" required=\"required\"><option value=\"Erdgeschoss\" >Erdgeschoss<\/option><option value=\"1. Etage\" >1. Etage<\/option><option value=\"2. Etage\" >2. Etage<\/option><option value=\"3. Etage\" >3. Etage<\/option><option value=\"4. Etage\" >4. Etage<\/option><option value=\"5. Etage\" >5. Etage<\/option><option value=\"6. Etage\" >6. Etage<\/option><option value=\"7. Etage\" >7. Etage<\/option><option value=\"8. Etage\" >8. Etage<\/option><option value=\"9. Etage\" >9. Etage<\/option><option value=\"10. Etage +\" >10. Etage +<\/option><\/select><\/div><\/div><div class=\"wpforms-layout-column wpforms-layout-column-50\"><div id=\"wpforms-1446-field_22-container\" class=\"wpforms-field wpforms-field-number\" data-field-id=\"22\"><label class=\"wpforms-field-label\" for=\"wpforms-1446-field_22\">ca. Fl\u00e4che m2 <span class=\"wpforms-required-label\" aria-hidden=\"true\">*<\/span><\/label><input type=\"number\" id=\"wpforms-1446-field_22\" class=\"wpforms-field-medium wpforms-field-required\" name=\"wpforms[fields][22]\" aria-errormessage=\"wpforms-1446-field_22-error\" required><\/div><\/div><\/div><div class=\"wpforms-layout-row\"><div class=\"wpforms-layout-column wpforms-layout-column-50\"><div id=\"wpforms-1446-field_20-container\" class=\"wpforms-field wpforms-field-checkbox wpforms-list-2-columns\" data-field-id=\"20\"><fieldset><legend class=\"wpforms-field-label\">Einfamilienhaus? <span class=\"wpforms-required-label\" aria-hidden=\"true\">*<\/span><\/legend><ul id=\"wpforms-1446-field_20\" class=\"wpforms-field-required\" data-choice-limit=\"1\"><li class=\"choice-1 depth-1\"><input type=\"checkbox\" id=\"wpforms-1446-field_20_1\" data-rule-check-limit=\"true\" name=\"wpforms[fields][20][]\" value=\"Ja\" aria-errormessage=\"wpforms-1446-field_20_1-error\" required ><label class=\"wpforms-field-label-inline\" for=\"wpforms-1446-field_20_1\">Ja<\/label><\/li><li class=\"choice-2 depth-1\"><input type=\"checkbox\" id=\"wpforms-1446-field_20_2\" data-rule-check-limit=\"true\" name=\"wpforms[fields][20][]\" value=\"Nein\" aria-errormessage=\"wpforms-1446-field_20_2-error\" required ><label class=\"wpforms-field-label-inline\" for=\"wpforms-1446-field_20_2\">Nein<\/label><\/li><\/ul><\/fieldset><\/div><\/div><div class=\"wpforms-layout-column wpforms-layout-column-50\"><div id=\"wpforms-1446-field_23-container\" class=\"wpforms-field wpforms-field-checkbox wpforms-list-2-columns\" data-field-id=\"23\"><fieldset><legend class=\"wpforms-field-label\">Aufzug vorhanden? <span class=\"wpforms-required-label\" aria-hidden=\"true\">*<\/span><\/legend><ul id=\"wpforms-1446-field_23\" class=\"wpforms-field-required\" data-choice-limit=\"1\"><li class=\"choice-1 depth-1\"><input type=\"checkbox\" id=\"wpforms-1446-field_23_1\" data-rule-check-limit=\"true\" name=\"wpforms[fields][23][]\" value=\"Ja\" aria-errormessage=\"wpforms-1446-field_23_1-error\" required ><label class=\"wpforms-field-label-inline\" for=\"wpforms-1446-field_23_1\">Ja<\/label><\/li><li class=\"choice-2 depth-1\"><input type=\"checkbox\" id=\"wpforms-1446-field_23_2\" data-rule-check-limit=\"true\" name=\"wpforms[fields][23][]\" value=\"Nein\" aria-errormessage=\"wpforms-1446-field_23_2-error\" required ><label class=\"wpforms-field-label-inline\" for=\"wpforms-1446-field_23_2\">Nein<\/label><\/li><\/ul><\/fieldset><\/div><\/div><\/div><\/div><\/div><div id=\"wpforms-1446-field_14-container\" class=\"wpforms-field wpforms-field-divider\" data-field-id=\"14\"><h3 id=\"wpforms-1446-field_14\" aria-errormessage=\"wpforms-1446-field_14-error\">Umzugstermin &amp; Umzugsart<\/h3><\/div><div id=\"wpforms-1446-field_24-container\" class=\"wpforms-field wpforms-field-layout\" data-field-id=\"24\"><div class=\"wpforms-field-layout-rows wpforms-field-large\"><div class=\"wpforms-layout-row\"><div class=\"wpforms-layout-column wpforms-layout-column-50\"><div id=\"wpforms-1446-field_25-container\" class=\"wpforms-field wpforms-field-date-time\" data-field-id=\"25\"><label class=\"wpforms-field-label\" for=\"wpforms-1446-field_25\">Datum <span class=\"wpforms-required-label\" aria-hidden=\"true\">*<\/span><\/label><div class=\"wpforms-datepicker-wrap\"><input type=\"text\" id=\"wpforms-1446-field_25\" class=\"wpforms-field-date-time-date wpforms-datepicker wpforms-field-required wpforms-field-medium\" data-date-format=\"m\/d\/Y\" data-disable-past-dates=\"0\" data-input=\"true\" name=\"wpforms[fields][25][date]\" aria-errormessage=\"wpforms-1446-field_25-error\" required><a title=\"Clear Date\" data-clear class=\"wpforms-datepicker-clear\" style=\"display:none;\"><\/a><\/div><\/div><\/div><div class=\"wpforms-layout-column wpforms-layout-column-50\"><div id=\"wpforms-1446-field_26-container\" class=\"wpforms-field wpforms-field-select wpforms-field-select-style-classic\" data-field-id=\"26\"><label class=\"wpforms-field-label\" for=\"wpforms-1446-field_26\">Umzugsart <span class=\"wpforms-required-label\" aria-hidden=\"true\">*<\/span><\/label><select id=\"wpforms-1446-field_26\" class=\"wpforms-field-medium wpforms-field-required\" name=\"wpforms[fields][26]\" required=\"required\"><option value=\"Privatumzug\" >Privatumzug<\/option><option value=\"Seniorenumzug\" >Seniorenumzug<\/option><option value=\"Firmenumzug\" >Firmenumzug<\/option><option value=\"Internationaler Umzug\" >Internationaler Umzug<\/option><\/select><\/div><\/div><\/div><\/div><\/div><div id=\"wpforms-1446-field_27-container\" class=\"wpforms-field wpforms-field-divider\" data-field-id=\"27\"><h3 id=\"wpforms-1446-field_27\" aria-errormessage=\"wpforms-1446-field_27-error\">Kontaktdaten<\/h3><\/div><div id=\"wpforms-1446-field_28-container\" class=\"wpforms-field wpforms-field-layout\" data-field-id=\"28\"><div class=\"wpforms-field-layout-rows wpforms-field-large\"><div class=\"wpforms-layout-row\"><div class=\"wpforms-layout-column wpforms-layout-column-50\"><div id=\"wpforms-1446-field_30-container\" class=\"wpforms-field wpforms-field-select wpforms-field-select-style-classic\" data-field-id=\"30\"><label class=\"wpforms-field-label\" for=\"wpforms-1446-field_30\">Anrede <span class=\"wpforms-required-label\" aria-hidden=\"true\">*<\/span><\/label><select id=\"wpforms-1446-field_30\" class=\"wpforms-field-medium wpforms-field-required\" name=\"wpforms[fields][30]\" required=\"required\"><option value=\"Herr\" >Herr<\/option><option value=\"Freu\" >Freu<\/option><option value=\"Eheleute\" >Eheleute<\/option><\/select><\/div><\/div><div class=\"wpforms-layout-column wpforms-layout-column-50\"><div id=\"wpforms-1446-field_31-container\" class=\"wpforms-field wpforms-field-email\" data-field-id=\"31\"><label class=\"wpforms-field-label\" for=\"wpforms-1446-field_31\">E-Mail-Adresse <span class=\"wpforms-required-label\" aria-hidden=\"true\">*<\/span><\/label><input type=\"email\" id=\"wpforms-1446-field_31\" class=\"wpforms-field-medium wpforms-field-required\" name=\"wpforms[fields][31]\" spellcheck=\"false\" aria-errormessage=\"wpforms-1446-field_31-error\" required><\/div><\/div><\/div><div class=\"wpforms-layout-row\"><div class=\"wpforms-layout-column wpforms-layout-column-50\"><div id=\"wpforms-1446-field_29-container\" class=\"wpforms-field wpforms-field-text\" data-field-id=\"29\"><label class=\"wpforms-field-label\" for=\"wpforms-1446-field_29\">Vorname <span class=\"wpforms-required-label\" aria-hidden=\"true\">*<\/span><\/label><input type=\"text\" id=\"wpforms-1446-field_29\" class=\"wpforms-field-medium wpforms-field-required\" name=\"wpforms[fields][29]\" aria-errormessage=\"wpforms-1446-field_29-error\" required><\/div><\/div><div class=\"wpforms-layout-column wpforms-layout-column-50\"><div id=\"wpforms-1446-field_33-container\" class=\"wpforms-field wpforms-field-phone\" data-field-id=\"33\"><label class=\"wpforms-field-label\" for=\"wpforms-1446-field_33\">Telefonnummer <span class=\"wpforms-required-label\" aria-hidden=\"true\">*<\/span><\/label><input type=\"tel\" id=\"wpforms-1446-field_33\" class=\"wpforms-field-medium wpforms-field-required wpforms-smart-phone-field\" data-rule-smart-phone-field=\"true\" name=\"wpforms[fields][33]\" aria-label=\"Telefonnummer\" aria-errormessage=\"wpforms-1446-field_33-error\" required><\/div><\/div><\/div><div class=\"wpforms-layout-row\"><div class=\"wpforms-layout-column wpforms-layout-column-50\"><div id=\"wpforms-1446-field_32-container\" class=\"wpforms-field wpforms-field-text\" data-field-id=\"32\"><label class=\"wpforms-field-label\" for=\"wpforms-1446-field_32\">Nachname <span class=\"wpforms-required-label\" aria-hidden=\"true\">*<\/span><\/label><input type=\"text\" id=\"wpforms-1446-field_32\" class=\"wpforms-field-medium wpforms-field-required\" name=\"wpforms[fields][32]\" aria-errormessage=\"wpforms-1446-field_32-error\" required><\/div><\/div><div class=\"wpforms-layout-column wpforms-layout-column-50\"><div id=\"wpforms-1446-field_34-container\" class=\"wpforms-field wpforms-field-phone\" data-field-id=\"34\"><label class=\"wpforms-field-label\" for=\"wpforms-1446-field_34\">alternative Telefonnummer<\/label><input type=\"tel\" id=\"wpforms-1446-field_34\" class=\"wpforms-field-medium wpforms-smart-phone-field\" data-rule-smart-phone-field=\"true\" name=\"wpforms[fields][34]\" aria-label=\"alternative Telefonnummer\" aria-errormessage=\"wpforms-1446-field_34-error\" ><\/div><\/div><\/div><\/div><\/div><div id=\"wpforms-1446-field_41-container\" class=\"wpforms-field wpforms-field-layout\" data-field-id=\"41\"><div class=\"wpforms-field-layout-rows wpforms-field-large\"><div class=\"wpforms-layout-row\"><div class=\"wpforms-layout-column wpforms-layout-column-50\"><div id=\"wpforms-1446-field_37-container\" class=\"wpforms-field wpforms-field-select wpforms-field-select-style-classic\" data-field-id=\"37\"><label class=\"wpforms-field-label\" for=\"wpforms-1446-field_37\">Wann erreichen wir Sie telefonisch am besten?<\/label><select id=\"wpforms-1446-field_37\" class=\"wpforms-field-medium\" name=\"wpforms[fields][37]\"><option value=\"Vormittags\" >Vormittags<\/option><option value=\"Nachmittags\" >Nachmittags<\/option><option value=\"Beides\" >Beides<\/option><\/select><\/div><\/div><div class=\"wpforms-layout-column wpforms-layout-column-50\"><div id=\"wpforms-1446-field_38-container\" class=\"wpforms-field wpforms-field-select wpforms-field-select-style-classic\" data-field-id=\"38\"><label class=\"wpforms-field-label\" for=\"wpforms-1446-field_38\">Bevorzugter Kontakt \u00fcber:<\/label><select id=\"wpforms-1446-field_38\" class=\"wpforms-field-medium\" name=\"wpforms[fields][38]\"><option value=\"E-Mail\" >E-Mail<\/option><option value=\"Telefon\" >Telefon<\/option><option value=\"Beides\" >Beides<\/option><\/select><\/div><\/div><\/div><\/div><\/div><div id=\"wpforms-1446-field_42-container\" class=\"wpforms-field wpforms-field-layout\" data-field-id=\"42\"><div class=\"wpforms-field-layout-rows wpforms-field-large\"><div class=\"wpforms-layout-row\"><div class=\"wpforms-layout-column wpforms-layout-column-100\"><div id=\"wpforms-1446-field_36-container\" class=\"wpforms-field wpforms-field-textarea\" data-field-id=\"36\"><label class=\"wpforms-field-label\" for=\"wpforms-1446-field_36\">Ihre Nachricht<\/label><textarea id=\"wpforms-1446-field_36\" class=\"wpforms-field-medium\" name=\"wpforms[fields][36]\" aria-errormessage=\"wpforms-1446-field_36-error\" aria-describedby=\"wpforms-1446-field_36-description\" ><\/textarea><div id=\"wpforms-1446-field_36-description\" class=\"wpforms-field-description\">Weitere Informationen und W\u00fcnsche (Haben Sie besonders sperrige Gegenst\u00e4nde?, W\u00fcnschen Sie die Einlagerung Ihrer M\u00f6bel?, M\u00f6chten Sie unseren Einpack- oder Montageservice in Anspruch nehmen? etc.)<\/div><\/div><\/div><\/div><\/div><\/div><\/div><!-- .wpforms-field-container --><div class=\"wpforms-submit-container\" ><input type=\"hidden\" name=\"wpforms[id]\" value=\"1446\"><input type=\"hidden\" name=\"page_title\" value=\"\"><input type=\"hidden\" name=\"page_url\" value=\"https:\/\/www.srclojistik.com.tr\/de\/wp-json\/wp\/v2\/pages\/731\"><button type=\"submit\" name=\"wpforms[submit]\" id=\"wpforms-submit-1446\" class=\"wpforms-submit\" data-alt-text=\"Wird gesendet\u00a0\u2026\" data-submit-text=\"Absenden\" aria-live=\"assertive\" value=\"wpforms-submit\">Absenden<\/button><img loading=\"lazy\" decoding=\"async\" src=\"https:\/\/www.srclojistik.com.tr\/de\/wp-content\/plugins\/wpforms\/assets\/images\/submit-spin.svg\" class=\"wpforms-submit-spinner\" style=\"display: none;\" width=\"26\" height=\"26\" alt=\"Y\u00fckleniyor\"><\/div><\/form><\/div>  <!-- .wpforms-container -->\n","protected":false},"excerpt":{"rendered":"","protected":false},"author":1,"featured_media":0,"parent":0,"menu_order":0,"comment_status":"closed","ping_status":"closed","template":"","meta":{"rank_math_focus_keyword":"","rank_math_description":"","footnotes":""},"class_list":["post-731","page","type-page","status-publish","hentry"],"_links":{"self":[{"href":"https:\/\/www.srclojistik.com.tr\/de\/wp-json\/wp\/v2\/pages\/731","targetHints":{"allow":["GET"]}}],"collection":[{"href":"https:\/\/www.srclojistik.com.tr\/de\/wp-json\/wp\/v2\/pages"}],"about":[{"href":"https:\/\/www.srclojistik.com.tr\/de\/wp-json\/wp\/v2\/types\/page"}],"author":[{"embeddable":true,"href":"https:\/\/www.srclojistik.com.tr\/de\/wp-json\/wp\/v2\/users\/1"}],"replies":[{"embeddable":true,"href":"https:\/\/www.srclojistik.com.tr\/de\/wp-json\/wp\/v2\/comments?post=731"}],"version-history":[{"count":3,"href":"https:\/\/www.srclojistik.com.tr\/de\/wp-json\/wp\/v2\/pages\/731\/revisions"}],"predecessor-version":[{"id":1449,"href":"https:\/\/www.srclojistik.com.tr\/de\/wp-json\/wp\/v2\/pages\/731\/revisions\/1449"}],"wp:attachment":[{"href":"https:\/\/www.srclojistik.com.tr\/de\/wp-json\/wp\/v2\/media?parent=731"}],"curies":[{"name":"wp","href":"https:\/\/api.w.org\/{rel}","templated":true}]}}