{"id":52,"date":"2023-02-03T19:33:07","date_gmt":"2021-02-03T16:33:07","guid":{"rendered":"https:\/\/safirdemo.com\/atolye\/sikca-sorulan-sorular\/"},"modified":"2023-09-06T11:25:49","modified_gmt":"2023-09-06T08:25:49","slug":"sikca-sorulan-sorular","status":"publish","type":"page","link":"https:\/\/www.srclojistik.com.tr\/de\/sikca-sorulan-sorular\/","title":{"rendered":"S\u0131k\u00e7a Sorulan Sorular"},"content":{"rendered":"\n<p>Bu sayfada m\u00fc\u015fterilerimiz taraf\u0131ndan taraf\u0131m\u0131za en \u00e7ok y\u00f6nlendirilen sorular ve bu sorular\u0131n cevaplar\u0131 yer almaktad\u0131r.<\/p>\n\n\n<div class=\"safir-faq\">\n\t<div class=\"question\">\n\t\t<div class=\"themeicon icon\">\n\t\t\t<span class=\"themeicon icon\"><svg class=\"themeicon-plus\"><use href=\"#themeicon-plus\"><\/use><\/svg><\/span>\t\t\t<span class=\"themeicon icon\"><svg class=\"themeicon-minus\"><use href=\"#themeicon-minus\"><\/use><\/svg><\/span>\t\t<\/div>\n\t\t<span class=\"text\">Uluslararas\u0131 evden eve nakliyat nedir?<\/span>\n\t\t<div class=\"openclose plus\"><\/div>\n\t<\/div>\n\t<div class=\"answer\">\n<p class=\"wp-block-safirtema-sorucevap answer safir-faq\">Uluslararas\u0131 evden eve nakliyat, bir \u00fclkeden ba\u015fka bir \u00fclkeye ta\u015f\u0131nmak isteyen ki\u015filerin e\u015fyalar\u0131n\u0131 g\u00fcvenli bir \u015fekilde yeni adreslerine ta\u015f\u0131yan bir hizmettir. Bu hizmet, ta\u015f\u0131ma i\u015fleminin karma\u015f\u0131kl\u0131\u011f\u0131 ve uzun mesafeleri g\u00f6z \u00f6n\u00fcnde bulundurarak \u00f6zel bir nakliyat hizmetidir.<\/p>\n<\/div>\n<\/div>\n\n<div class=\"safir-faq\">\n\t<div class=\"question\">\n\t\t<div class=\"themeicon icon\">\n\t\t\t<span class=\"themeicon icon\"><svg class=\"themeicon-plus\"><use href=\"#themeicon-plus\"><\/use><\/svg><\/span>\t\t\t<span class=\"themeicon icon\"><svg class=\"themeicon-minus\"><use href=\"#themeicon-minus\"><\/use><\/svg><\/span>\t\t<\/div>\n\t\t<span class=\"text\">Uluslararas\u0131 evden eve nakliyat\u0131n maliyeti nedir?<\/span>\n\t\t<div class=\"openclose plus\"><\/div>\n\t<\/div>\n\t<div class=\"answer\">\n<p class=\"wp-block-safirtema-sorucevap answer safir-faq\">Uluslararas\u0131 evden eve nakliyat\u0131n maliyeti, bir\u00e7ok fakt\u00f6re ba\u011fl\u0131d\u0131r. Bu fakt\u00f6rler aras\u0131nda ta\u015f\u0131nacak e\u015fyalar\u0131n miktar\u0131, ta\u015f\u0131nacak mesafe, ta\u015f\u0131ma y\u00f6ntemi (kara, deniz, hava), ambalaj malzemeleri ve sigorta gibi unsurlar yer al\u0131r. Nakliyat firmalar\u0131 genellikle \u00fccretsiz ke\u015fif yapar ve size bir fiyat teklifi sunar.<\/p>\n<\/div>\n<\/div>\n\n<div class=\"safir-faq\">\n\t<div class=\"question\">\n\t\t<div class=\"themeicon icon\">\n\t\t\t<span class=\"themeicon icon\"><svg class=\"themeicon-plus\"><use href=\"#themeicon-plus\"><\/use><\/svg><\/span>\t\t\t<span class=\"themeicon icon\"><svg class=\"themeicon-minus\"><use href=\"#themeicon-minus\"><\/use><\/svg><\/span>\t\t<\/div>\n\t\t<span class=\"text\">Uluslararas\u0131 evden eve nakliyat ne kadar s\u00fcrede tamamlan\u0131r?<\/span>\n\t\t<div class=\"openclose plus\"><\/div>\n\t<\/div>\n\t<div class=\"answer\">\n<p class=\"wp-block-safirtema-sorucevap answer safir-faq\">Nakliyat\u0131n s\u00fcresi ta\u015f\u0131nacak mesafeye, ta\u015f\u0131ma y\u00f6ntemine ve g\u00fcmr\u00fck i\u015flemlerine ba\u011fl\u0131 olarak de\u011fi\u015fir. Genellikle uluslararas\u0131 ta\u015f\u0131ma i\u015flemleri birka\u00e7 hafta ile birka\u00e7 ay aras\u0131nda s\u00fcrebilir. Ta\u015f\u0131nacak olan \u00fclkenin \u00f6zel gereksinimleri ve d\u00fczenlemeleri de zaman\u0131 etkileyebilir.<\/p>\n<\/div>\n<\/div>\n\n<div class=\"safir-faq\">\n\t<div class=\"question\">\n\t\t<div class=\"themeicon icon\">\n\t\t\t<span class=\"themeicon icon\"><svg class=\"themeicon-plus\"><use href=\"#themeicon-plus\"><\/use><\/svg><\/span>\t\t\t<span class=\"themeicon icon\"><svg class=\"themeicon-minus\"><use href=\"#themeicon-minus\"><\/use><\/svg><\/span>\t\t<\/div>\n\t\t<span class=\"text\">Uluslararas\u0131 evden eve nakliyat i\u00e7in nas\u0131l bir nakliyat firmas\u0131 se\u00e7meliyim?<\/span>\n\t\t<div class=\"openclose plus\"><\/div>\n\t<\/div>\n\t<div class=\"answer\">\n<p class=\"wp-block-safirtema-sorucevap answer safir-faq\">Uluslararas\u0131 ta\u015f\u0131nma, uzmanl\u0131k ve deneyim gerektiren bir i\u015flemdir. G\u00fcvenilir bir nakliyat firmas\u0131 se\u00e7mek \u00e7ok \u00f6nemlidir. \u0130\u015fte firmay\u0131 se\u00e7erken dikkate alman\u0131z gereken baz\u0131 fakt\u00f6rler:<br>Lisans ve sigorta: Firmalar\u0131n gerekli lisanslara sahip oldu\u011fundan ve ta\u015f\u0131nacak e\u015fyalar\u0131 sigortalad\u0131\u011f\u0131ndan emin olun.<br><strong>Referanslar:<\/strong> Ge\u00e7mi\u015f m\u00fc\u015fterilerin referanslar\u0131n\u0131 inceleyin ve firmalar hakk\u0131nda geri bildirimleri ara\u015ft\u0131r\u0131n.<br><strong>Deneyim:<\/strong> Uluslararas\u0131 ta\u015f\u0131ma deneyimi olan firmalar\u0131 tercih edin.<br><strong>Ta\u015f\u0131ma y\u00f6ntemleri:<\/strong> Farkl\u0131 nakliyat y\u00f6ntemlerini ve se\u00e7eneklerini inceleyin.<br><strong>Fiyat teklifleri: <\/strong>Birden fazla firma ile fiyat teklifi alarak kar\u015f\u0131la\u015ft\u0131rma yap\u0131n.<\/p>\n<\/div>\n<\/div>\n\n<div class=\"safir-faq\">\n\t<div class=\"question\">\n\t\t<div class=\"themeicon icon\">\n\t\t\t<span class=\"themeicon icon\"><svg class=\"themeicon-plus\"><use href=\"#themeicon-plus\"><\/use><\/svg><\/span>\t\t\t<span class=\"themeicon icon\"><svg class=\"themeicon-minus\"><use href=\"#themeicon-minus\"><\/use><\/svg><\/span>\t\t<\/div>\n\t\t<span class=\"text\">E\u015fyalar\u0131m g\u00fcvende mi olacak?<\/span>\n\t\t<div class=\"openclose plus\"><\/div>\n\t<\/div>\n\t<div class=\"answer\">\n<p class=\"wp-block-safirtema-sorucevap answer safir-faq\">G\u00fcvenilir bir nakliyat firmas\u0131 se\u00e7ti\u011finizde e\u015fyalar\u0131n\u0131z\u0131 g\u00fcvende tutmak i\u00e7in gereken \u00f6nlemleri alacakt\u0131r. Ayr\u0131ca, ta\u015f\u0131nma s\u0131ras\u0131nda ek sigorta se\u00e7enekleri sunabilirler. E\u015fyalar\u0131n\u0131z\u0131 dikkatlice paketlerler ve ta\u015f\u0131ma s\u0131ras\u0131nda hasar\u0131 en aza indirmek i\u00e7in \u00f6zel ambalaj malzemeleri kullan\u0131rlar.<\/p>\n<\/div>\n<\/div>\n\n<div class=\"safir-faq\">\n\t<div class=\"question\">\n\t\t<div class=\"themeicon icon\">\n\t\t\t<span class=\"themeicon icon\"><svg class=\"themeicon-plus\"><use href=\"#themeicon-plus\"><\/use><\/svg><\/span>\t\t\t<span class=\"themeicon icon\"><svg class=\"themeicon-minus\"><use href=\"#themeicon-minus\"><\/use><\/svg><\/span>\t\t<\/div>\n\t\t<span class=\"text\">G\u00fcmr\u00fck i\u015flemleri hakk\u0131nda bilgi sahibi olmal\u0131 m\u0131y\u0131m?<\/span>\n\t\t<div class=\"openclose plus\"><\/div>\n\t<\/div>\n\t<div class=\"answer\">\n<p class=\"wp-block-safirtema-sorucevap answer safir-faq\">Evet, uluslararas\u0131 ta\u015f\u0131nma i\u015flemleri s\u0131ras\u0131nda g\u00fcmr\u00fck i\u015flemleri olduk\u00e7a \u00f6nemlidir. Nakliyat firmas\u0131 genellikle bu i\u015flemleri sizin i\u00e7in halleder, ancak temel bilgilere sahip olmak faydal\u0131 olabilir. Ta\u015f\u0131nacak \u00fclkenin g\u00fcmr\u00fck kurallar\u0131n\u0131 \u00f6\u011frenmek ve gerekli belgeleri haz\u0131rlamak \u00f6nemlidir.<br>Uluslararas\u0131 evden eve nakliyat hakk\u0131nda daha fazla detayl\u0131 bilgi almak ve ihtiya\u00e7lar\u0131n\u0131za uygun bir nakliyat firmas\u0131 se\u00e7mek i\u00e7in uzmanlardan yard\u0131m alman\u0131z \u00f6nerilir.<\/p>\n<\/div>\n<\/div>","protected":false},"excerpt":{"rendered":"<p>Bu sayfada m\u00fc\u015fterilerimiz taraf\u0131ndan taraf\u0131m\u0131za en \u00e7ok y\u00f6nlendirilen sorular ve bu sorular\u0131n cevaplar\u0131 yer almaktad\u0131r.<\/p>\n","protected":false},"author":1,"featured_media":0,"parent":0,"menu_order":0,"comment_status":"closed","ping_status":"closed","template":"","meta":{"rank_math_focus_keyword":"","rank_math_description":"","footnotes":""},"class_list":["post-52","page","type-page","status-publish","hentry"],"_links":{"self":[{"href":"https:\/\/www.srclojistik.com.tr\/de\/wp-json\/wp\/v2\/pages\/52","targetHints":{"allow":["GET"]}}],"collection":[{"href":"https:\/\/www.srclojistik.com.tr\/de\/wp-json\/wp\/v2\/pages"}],"about":[{"href":"https:\/\/www.srclojistik.com.tr\/de\/wp-json\/wp\/v2\/types\/page"}],"author":[{"embeddable":true,"href":"https:\/\/www.srclojistik.com.tr\/de\/wp-json\/wp\/v2\/users\/1"}],"replies":[{"embeddable":true,"href":"https:\/\/www.srclojistik.com.tr\/de\/wp-json\/wp\/v2\/comments?post=52"}],"version-history":[{"count":4,"href":"https:\/\/www.srclojistik.com.tr\/de\/wp-json\/wp\/v2\/pages\/52\/revisions"}],"predecessor-version":[{"id":470,"href":"https:\/\/www.srclojistik.com.tr\/de\/wp-json\/wp\/v2\/pages\/52\/revisions\/470"}],"wp:attachment":[{"href":"https:\/\/www.srclojistik.com.tr\/de\/wp-json\/wp\/v2\/media?parent=52"}],"curies":[{"name":"wp","href":"https:\/\/api.w.org\/{rel}","templated":true}]}}