{"id":23,"date":"2023-02-03T13:20:43","date_gmt":"2021-02-03T10:20:43","guid":{"rendered":"https:\/\/safirdemo.com\/atolye\/cozum-ortaklari\/"},"modified":"2025-06-27T15:31:06","modified_gmt":"2025-06-27T12:31:06","slug":"stammkunden","status":"publish","type":"page","link":"https:\/\/www.srclojistik.com.tr\/de\/stammkunden\/","title":{"rendered":"Stammkunden"},"content":{"rendered":"\r\n<figure class=\"wp-block-gallery has-nested-images columns-default wp-block-gallery-1 is-layout-flex wp-block-gallery-is-layout-flex\">\r\n<figure class=\"wp-block-image size-large\"><img loading=\"lazy\" decoding=\"async\" width=\"250\" height=\"85\" data-id=\"609\" class=\"wp-image-609\" src=\"https:\/\/www.srclojistik.com.tr\/wp-content\/uploads\/2023\/09\/aselsan.jpg\" alt=\"\" \/><\/figure>\r\n\r\n\r\n\r\n<figure class=\"wp-block-image size-large\"><img loading=\"lazy\" decoding=\"async\" width=\"250\" height=\"85\" data-id=\"610\" class=\"wp-image-610\" src=\"https:\/\/www.srclojistik.com.tr\/wp-content\/uploads\/2023\/09\/baykar.jpg\" alt=\"\" \/><\/figure>\r\n\r\n\r\n\r\n<figure class=\"wp-block-image size-large\"><img loading=\"lazy\" decoding=\"async\" width=\"250\" height=\"85\" data-id=\"611\" class=\"wp-image-611\" src=\"https:\/\/www.srclojistik.com.tr\/wp-content\/uploads\/2023\/09\/dogus.jpg\" alt=\"\" \/><\/figure>\r\n\r\n\r\n\r\n<figure class=\"wp-block-image size-large\"><img loading=\"lazy\" decoding=\"async\" width=\"250\" height=\"85\" data-id=\"612\" class=\"wp-image-612\" src=\"https:\/\/www.srclojistik.com.tr\/wp-content\/uploads\/2023\/09\/enka.jpg\" alt=\"\" \/><\/figure>\r\n\r\n\r\n\r\n<figure class=\"wp-block-image size-large\"><img loading=\"lazy\" decoding=\"async\" width=\"250\" height=\"85\" data-id=\"613\" class=\"wp-image-613\" src=\"https:\/\/www.srclojistik.com.tr\/wp-content\/uploads\/2023\/09\/index.jpg\" alt=\"\" \/><\/figure>\r\n\r\n\r\n\r\n<figure class=\"wp-block-image size-large\"><img loading=\"lazy\" decoding=\"async\" width=\"250\" height=\"85\" data-id=\"614\" class=\"wp-image-614\" src=\"https:\/\/www.srclojistik.com.tr\/wp-content\/uploads\/2023\/09\/isbankasi.jpg\" alt=\"\" \/><\/figure>\r\n\r\n\r\n\r\n<figure class=\"wp-block-image size-large\"><img loading=\"lazy\" decoding=\"async\" width=\"250\" height=\"85\" data-id=\"615\" class=\"wp-image-615\" src=\"https:\/\/www.srclojistik.com.tr\/wp-content\/uploads\/2023\/09\/karllagerfeld.jpg\" alt=\"\" \/><\/figure>\r\n\r\n\r\n\r\n<figure class=\"wp-block-image size-large\"><img loading=\"lazy\" decoding=\"async\" width=\"250\" height=\"85\" data-id=\"616\" class=\"wp-image-616\" src=\"https:\/\/www.srclojistik.com.tr\/wp-content\/uploads\/2023\/09\/siemens.jpg\" alt=\"\" \/><\/figure>\r\n\r\n\r\n\r\n<figure class=\"wp-block-image size-large\"><img loading=\"lazy\" decoding=\"async\" width=\"250\" height=\"85\" data-id=\"617\" class=\"wp-image-617\" src=\"https:\/\/www.srclojistik.com.tr\/wp-content\/uploads\/2023\/09\/tupras.jpg\" alt=\"\" \/><\/figure>\r\n\r\n\r\n\r\n<figure class=\"wp-block-image size-large\"><img loading=\"lazy\" decoding=\"async\" width=\"250\" height=\"85\" data-id=\"618\" class=\"wp-image-618\" src=\"https:\/\/www.srclojistik.com.tr\/wp-content\/uploads\/2023\/09\/turktelekom.jpg\" alt=\"\" \/><\/figure>\r\n\r\n\r\n\r\n<figure class=\"wp-block-image size-large\"><img loading=\"lazy\" decoding=\"async\" width=\"250\" height=\"85\" data-id=\"619\" class=\"wp-image-619\" src=\"https:\/\/www.srclojistik.com.tr\/wp-content\/uploads\/2023\/09\/unilever.jpg\" alt=\"\" \/><\/figure>\r\n\r\n\r\n\r\n<figure class=\"wp-block-image size-large\"><img loading=\"lazy\" decoding=\"async\" width=\"250\" height=\"85\" data-id=\"620\" class=\"wp-image-620\" src=\"https:\/\/www.srclojistik.com.tr\/wp-content\/uploads\/2023\/09\/vakifbank.jpg\" alt=\"\" \/><\/figure>\r\n\r\n\r\n\r\n<figure class=\"wp-block-image size-large\"><img loading=\"lazy\" decoding=\"async\" width=\"250\" height=\"85\" data-id=\"621\" class=\"wp-image-621\" src=\"https:\/\/www.srclojistik.com.tr\/wp-content\/uploads\/2023\/09\/vestel.jpg\" alt=\"\" \/><\/figure>\r\n<\/figure>\r\n\r\n\r\n<div class=\"singleHeading\">\n\t<div class=\"inner\">\n\t\t<span class=\"safiricon icon\"><svg class=\"safiricon-anlasma\"><use href=\"#safiricon-anlasma\"><\/use><\/svg><\/span>\t\t<div class=\"text\">\u00c7al\u0131\u015fma Ortaklar\u0131<\/div>\n\t<\/div>\n<\/div>\r\n\r\n\r\n<div class=\"safir-list\" data-col=\"4\">\r\n<ul class=\"wp-block-list\"><\/ul>\r\n<\/div>\r\n","protected":false},"excerpt":{"rendered":"","protected":false},"author":1,"featured_media":0,"parent":0,"menu_order":0,"comment_status":"closed","ping_status":"closed","template":"pages\/page-references.php","meta":{"rank_math_focus_keyword":"","rank_math_description":"","footnotes":""},"class_list":["post-23","page","type-page","status-publish","hentry"],"_links":{"self":[{"href":"https:\/\/www.srclojistik.com.tr\/de\/wp-json\/wp\/v2\/pages\/23","targetHints":{"allow":["GET"]}}],"collection":[{"href":"https:\/\/www.srclojistik.com.tr\/de\/wp-json\/wp\/v2\/pages"}],"about":[{"href":"https:\/\/www.srclojistik.com.tr\/de\/wp-json\/wp\/v2\/types\/page"}],"author":[{"embeddable":true,"href":"https:\/\/www.srclojistik.com.tr\/de\/wp-json\/wp\/v2\/users\/1"}],"replies":[{"embeddable":true,"href":"https:\/\/www.srclojistik.com.tr\/de\/wp-json\/wp\/v2\/comments?post=23"}],"version-history":[{"count":10,"href":"https:\/\/www.srclojistik.com.tr\/de\/wp-json\/wp\/v2\/pages\/23\/revisions"}],"predecessor-version":[{"id":1257,"href":"https:\/\/www.srclojistik.com.tr\/de\/wp-json\/wp\/v2\/pages\/23\/revisions\/1257"}],"wp:attachment":[{"href":"https:\/\/www.srclojistik.com.tr\/de\/wp-json\/wp\/v2\/media?parent=23"}],"curies":[{"name":"wp","href":"https:\/\/api.w.org\/{rel}","templated":true}]}}